{"id":2,"date":"2021-09-29T18:50:43","date_gmt":"2021-09-29T16:50:43","guid":{"rendered":"http:\/\/jdprint.sk\/?page_id=2"},"modified":"2021-11-03T07:36:40","modified_gmt":"2021-11-03T06:36:40","slug":"ukazka-strany","status":"publish","type":"page","link":"https:\/\/jdprint.sk\/","title":{"rendered":"\u00davod"},"content":{"rendered":"\n<section id=\"section-26ab1df5-5d7a-489d-b39c-a8e138845bfe\" class=\"wp-block-gutentor-notification gutentor-section gutentor-notification has-image-bg has-custom-bg\"><div class=\"grid-container\"><div class=\"gutentor-block-header\"><div class=\"gutentor-section-title text-center\"><h2 class=\"gutentor-title\">J&amp;D Print s.r.o.<\/h2><\/div><\/div><div class=\"gutentor-grid-item-wrap gutentor-notification-wrap gutentor-notification-information\"><div class=\"gutentor-single-item\"><div class=\"gutentor-single-item-content\"><h3 class=\"gutentor-single-item-title\">Na\u0161e slovensk\u00e9 produkty &#8211; Va\u0161e kvalitn\u00e9 tla\u010dov\u00e9 v\u00fdstupy<\/h3><p class=\"gutentor-single-item-desc\">VOLAJTE +421 918 064 174 <\/p><\/div><\/div><\/div><\/div><\/section>\n\n\n\n<header id=\"section-abec6a96-cb56-46c7-b6f5-fccbd97c7a80\" class=\"wp-block-gutentor-advanced-columns alignwide gutentor-section gutentor-advanced-columns has-color-bg has-custom-bg g-pos-r-desktop g-pos-d-tablet g-pos-d-mobile\"><div class=\"grid-container\"><div class=\"grid-row\">\n<section id=\"section-e0bc21a4-f4c3-4b28-9e36-9c4da17ade87\" class=\"wp-block-gutentor-single-column gutentor-single-column  grid-lg-4 grid-md-12 grid-12\">\n<section id=\"section-07a6507b-c672-44ee-97df-7637c64ef8c5\" class=\"wp-block-gutentor-content-box gutentor-section gutentor-content-box-wrapper content-template1\"><div class=\"grid-container gutentor-rm-ct-space\"><div class=\"gutentor-block-header\"><div class=\"gutentor-section-title text-center\"><h4 class=\"gutentor-title\">O N\u00c1S<\/h4><\/div><\/div><div class=\"grid-row gutentor-grid-item-wrap gutentor-rm-row-space\"><div class=\"gutentor-grid-column grid-lg-12 grid-md-12 grid-12 gutentor-rm-col-space\"><div class=\"gutentor-single-item gutentor-single-item-0\"><div class=\"gutentor-single-item-wrap\"><div class=\"gutentor-single-item-content\"><p class=\"gutentor-single-item-desc\"><br><br>Sme firma, ktor\u00e1 men\u00ed a zlep\u0161uje tla\u010dov\u00e9 prostredie pod\u013ea potrieb z\u00e1kazn\u00edka\u00a0 a z\u00e1rove\u0148 chr\u00e1nime\u00a0 \u017eivotn\u00e9 prostredie u\u017e nieko\u013eko rokov.<br><br>Spokojnos\u0165 z\u00e1kazn\u00edkov je pre n\u00e1s to najd\u00f4le\u017eitej\u0161ie, preto sa neust\u00e1le sna\u017e\u00edme zlep\u0161ova\u0165 kvalitu na\u0161ich slu\u017eieb.<br><br>Sna\u017e\u00edme sa robi\u0165\u00a0 zlo\u017eit\u00e9 veci jednoduch\u0161\u00edmi,\u00a0 a t\u00fdm pom\u00e1hame firm\u00e1m pracova\u0165 v tla\u010dovom prostred\u00ed\u00a0 efekt\u00edvnej\u0161ie.\u00a0<\/p><\/div><\/div><\/div><\/div><\/div><\/div><\/section>\n<\/section>\n\n\n\n<section id=\"section-cf04edd7-a945-4e2f-a8cf-aee1fdbfb32c\" class=\"wp-block-gutentor-single-column gutentor-single-column  grid-lg-8 grid-md-12 grid-12\">\n<p><\/p>\n\n\n\n<section id=\"section-887ba2ab-be1f-4be1-bddc-04f47443dda6\" class=\"wp-block-gutentor-content-box gutentor-section gutentor-content-box-wrapper content-template1\"><div class=\"grid-container\"><div class=\"gutentor-block-header\"><div class=\"gutentor-section-title text-center\"><h4 class=\"gutentor-title\">NA\u0160A PONUKA<\/h4><\/div><\/div><div class=\"grid-row gutentor-grid-item-wrap\"><div class=\"gutentor-grid-column grid-lg-12 grid-md-4 grid-12\"><div class=\"gutentor-single-item gutentor-single-item-0\"><div class=\"gutentor-single-item-wrap\"><div class=\"gutentor-single-item-content\"><p class=\"gutentor-single-item-desc\"><br>> tonerov\u00e9 kazety<br>> tonerov\u00e9 n\u00e1plne\u00a0<br>> atramenty<br>> papier<br>> samotn\u00e9 tla\u010diarne r\u00f4znych v\u00fdrobcov<\/p><\/div><\/div><\/div><\/div><\/div><\/div><\/section>\n<\/section>\n<\/div><\/div><\/header>\n\n\n\n<p><\/p>\n\n\n\n<section id=\"section-af216bc4-e714-4b6f-80a0-526947f4fcf6\" class=\"wp-block-gutentor-advanced-columns gutentor-section gutentor-advanced-columns has-image-bg has-custom-bg g-pos-s-desktop g-pos-d-tablet g-pos-d-mobile\"><div class=\"grid-container\"><div class=\"grid-row\">\n<section id=\"section-0def2546-6ea4-47c8-8ddd-3cf252a7020e\" class=\"wp-block-gutentor-single-column gutentor-single-column  grid-lg-12 grid-md-12 grid-12\">\n<h2 class=\"has-text-align-center\" style=\"font-size:45px\"><strong>SPO\u013dAHLIV\u00c9 SLU\u017dBY ZA<\/strong><\/h2>\n\n\n\n<h2 class=\"has-text-align-center\" style=\"font-size:45px\"><strong> ROZUMN\u00c9 CENY<\/strong><\/h2>\n<\/section>\n<\/div><\/div><\/section>\n\n\n\n<p><\/p>\n\n\n\n<p><\/p>\n\n\n\n<p><\/p>\n\n\n\n<section id=\"gm28841c3\" class=\"wp-block-gutentor-m4 section-gm28841c3 gutentor-module gutentor-advanced-columns\"><div class=\"grid-container\"><div class=\"grid-row\">\n<div id=\"col-gmdcf37e\" class=\"wp-block-gutentor-m4-col col-gmdcf37e gutentor-single-column  grid-lg-6 grid-md-12 grid-12\"><div id=\"section-gmdcf37e\" class=\"section-gmdcf37e gutentor-col-wrap\">\n<p class=\"has-text-color\" style=\"color:#6d6f6f\">&gt;  <span style=\"font-size: revert;\">profesion\u00e1lny pr\u00edstup <\/span><\/p>\n\n\n\n<p class=\"has-text-color\" style=\"color:#6d6f6f\">&gt; r\u00fdchle a \u00fasporn\u00e9 rie\u0161enia&nbsp;<\/p>\n\n\n\n<p class=\"has-text-color\" style=\"color:#6d6f6f\">&gt; <span style=\"font-size: revert;\">komplexn\u00e9 slu\u017eby&nbsp;<\/span><\/p>\n\n\n\n<p class=\"has-text-color\" style=\"color:#6d6f6f\">&gt; <span style=\"font-size: revert;\">poradenstvo v oblasti tla\u010de&nbsp;<\/span><\/p>\n<\/div><\/div>\n\n\n\n<div id=\"col-gm3431d2\" class=\"wp-block-gutentor-m4-col col-gm3431d2 gutentor-single-column  grid-lg-6 grid-md-12 grid-12\"><div id=\"section-gm3431d2\" class=\"section-gm3431d2 gutentor-col-wrap\">\n<p class=\"has-text-color\" style=\"color:#6d6f6f\">&gt;  individu\u00e1lna starostlivos\u0165 o z\u00e1kazn\u00edk<\/p>\n\n\n\n<p class=\"has-text-color\" style=\"color:#6d6f6f\">&gt; bezplatn\u00fd pren\u00e1jom zariaden\u00ed&nbsp; <\/p>\n\n\n\n<p class=\"has-text-color\" style=\"color:#6d6f6f\">&gt; r\u00f4zne benefity&nbsp;<\/p>\n\n\n\n<p><\/p>\n<\/div><\/div>\n<\/div><\/div><\/section>\n\n\n\n<p><\/p>\n\n\n\n<section id=\"section-0d3d6fb3-92fc-481d-85ae-6180b2f7c184\" class=\"wp-block-gutentor-advanced-columns gutentor-section gutentor-advanced-columns has-image-bg has-custom-bg\"><div class=\"grid-container\"><div class=\"grid-row\">\n<section id=\"section-81c58181-ae34-451c-8b15-09ef5cbcada3\" class=\"wp-block-gutentor-single-column gutentor-single-column  grid-lg-12 grid-md-12 grid-12\">\n<section id=\"section-4bcc8edf-8904-4981-b441-15adf5ad220b\" class=\"wp-block-gutentor-content-box gutentor-section gutentor-content-box-wrapper content-template1\"><div class=\"grid-container gutentor-rm-ct-space\"><div class=\"grid-row gutentor-grid-item-wrap gutentor-rm-row-space\"><div class=\"gutentor-grid-column grid-lg-12 grid-md-12 grid-12 gutentor-rm-col-space\"><div class=\"gutentor-single-item gutentor-single-item-0\"><div class=\"gutentor-single-item-wrap\"><div class=\"gutentor-single-item-content\"><p class=\"gutentor-single-item-desc\"><strong>Mysl\u00edme nielen na V\u00e1s, ale aj na \u017eivotn\u00e9         prostredie\u00a0<\/strong><\/p><\/div><\/div><\/div><\/div><\/div><\/div><\/section>\n<\/section>\n<\/div><\/div><\/section>\n\n\n\n<section id=\"section-9a046e65-9863-4929-8ee4-0be77766ef48\" class=\"wp-block-gutentor-about-block gutentor-section gutentor-about about-template1 has-color-bg has-custom-bg\"><div class=\"grid-container\"><div class=\"gutentor-block-header\"><div class=\"gutentor-section-title text-center\"><h4 class=\"gutentor-title\">Tonery<\/h4><\/div><\/div><div class=\"gutentor-grid-item-wrap\"><div class=\"gutentor-single-item\"><div class=\"grid-row\"><div class=\"grid-md-6 about-grid\"><div class=\"gutentor-single-item-image-box\"><div class=\"gutentor-image-thumb\"><img class=\"normal-image\" src=\"http:\/\/jdprint.sk\/wp-content\/uploads\/2021\/10\/toner-upraveny.jpg\" alt=\"\"\/><\/div><\/div><\/div><div class=\"grid-md-6 about-grid\"><div class=\"gutentor-single-item-content\"><div class=\"gutentor-about-content\"><p class=\"gutentor-single-item-desc\"><br><br>Profesion\u00e1lne renovovan\u00e9 slovensk\u00e9 tonery. Z\u00e1kladom je origin\u00e1lna vypr\u00e1zdnen\u00e1 tonerov\u00e1 kazeta s n\u00e1sledne s\u00fa menen\u00e9 komponenty. Zabezpe\u010duj\u00fa kvalitn\u00fa tla\u010d dosahuj\u00facu parametre origin\u00e1lneho toneru.\u00a0<\/p><\/div><\/div><\/div><\/div><\/div><\/div><\/div><\/section>\n\n\n\n<p><\/p>\n\n\n\n<section id=\"section-f0689771-db49-4de8-a962-3e6425ac73d9\" class=\"wp-block-gutentor-image-box gutentor-section gutentor-image-wrapper imagebox-template1 has-color-bg has-custom-bg\"><div class=\"grid-container\"><div class=\"grid-row gutentor-grid-item-wrap\"><div class=\"gutentor-grid-column grid-lg-6 grid-md-4 grid-12\"><div class=\"gutentor-single-item gutentor-image gutentor-single-item-0\"><div class=\"gutentor-single-item-wrap\"><div class=\"gutentor-single-item-image-box\"><div class=\"gutentor-image-thumb\"><img class=\"normal-image\" src=\"http:\/\/jdprint.sk\/wp-content\/uploads\/2021\/10\/hp-cb436akompatibilu.jpg\" alt=\"\"\/><\/div><\/div><div class=\"gutentor-single-item-content\"><h3 class=\"gutentor-single-item-title\"> <br><br><strong>Ako vznik\u00e1\u00a0<\/strong><\/h3><p class=\"gutentor-single-item-desc\"> Procesom renov\u00e1cie pri ktorom sa vyu\u017e\u00edva origin\u00e1lny toner s\u00fa vymenen\u00e9 jednotliv\u00e9 komponenty tonerovej kazety: optick\u00fd valec, stierky, tonerov\u00fd prach a \u010dip. Pred t\u00fdm je kazeta vypr\u00e1zdnen\u00e1 a vy\u010disten\u00e1. Po v\u00fdmene komponentov je otestovan\u00e1. Je to \u0161pecifick\u00fd v\u00fdrobn\u00fd proces, pri ktorom s\u00fa zachovan\u00e9 v\u0161etky normy\u00a0\u00a0<strong>STN EN ISO\u00a09001:2009\/ ISO\u00a09001:2008\u00a0<\/strong>a\u00a0z\u00e1rove\u0148 sme zaviedli pou\u017e\u00edvanie syst\u00e9mu environment\u00e1lneho\u00a0mana\u017e\u00e9rstva kvality\u00a0<br>pod\u013ea normy\u00a0<strong>STN EN ISO\u00a014001:2005\/ ISO\u00a014001:2004\u00a0<\/strong>v odbore &#8222;Renov\u00e1cia tonerov\u00a0inkjetov pre tla\u010diarne,\u00a0kop\u00edrky a faxy, predaj spotrebn\u00e9ho materi\u00e1lu. Servis kancel\u00e1rskej techniky.&#8220;<\/p><\/div><\/div><\/div><\/div><div class=\"gutentor-grid-column grid-lg-6 grid-md-4 grid-12\"><div class=\"gutentor-single-item gutentor-image gutentor-single-item-1\"><div class=\"gutentor-single-item-wrap\"><div class=\"gutentor-single-item-image-box\"><div class=\"gutentor-image-thumb\"><img class=\"normal-image\" src=\"http:\/\/jdprint.sk\/wp-content\/uploads\/2021\/10\/toner3.jpg\" alt=\"\"\/><\/div><\/div><div class=\"gutentor-single-item-content\"><h3 class=\"gutentor-single-item-title\"> <strong>Economy toner<\/strong><\/h3><p class=\"gutentor-single-item-desc\"> Je to plastov\u00fd v\u00fdlisok podobn\u00fd origin\u00e1lnej kazete, ktor\u00fd nie je mo\u017en\u00e9 renovova\u0165. Zv\u00e4\u010d\u0161a je jeho cena ni\u017e\u0161ia, ke\u010f\u017ee s\u00fa ni\u017e\u0161ie v\u00fdrobn\u00e9 n\u00e1klady, ale nie je ho mo\u017en\u00e9 renovova\u0165 a t\u00fdm p\u00e1dom sa z pr\u00e1zdnej tonerovej kazety st\u00e1va odpad, ktor\u00fd pri nespr\u00e1vnej ekologickej likvid\u00e1cii zne\u010dis\u0165uje \u017eivotn\u00e9 prostredie.<\/p><\/div><\/div><\/div><\/div><\/div><\/div><\/section>\n\n\n\n<section id=\"section-6e76cf59-a7bc-42e0-b4c2-9757ea9dc729\" class=\"wp-block-gutentor-advanced-columns gutentor-section gutentor-advanced-columns has-image-bg has-custom-bg\"><div class=\"grid-container\"><div class=\"grid-row\">\n<div id=\"section-68390c0f-0f84-4e49-8beb-e42d7c7afc99\" class=\"wp-block-gutentor-single-column gutentor-single-column  grid-lg-6 grid-md-12 grid-12\">\n<section id=\"section-bb46e396-6447-4feb-9f83-63a91f00dc9e\" class=\"wp-block-gutentor-content-box gutentor-section gutentor-content-box-wrapper content-template1\"><div class=\"grid-container gutentor-rm-ct-space\"><div class=\"grid-row gutentor-grid-item-wrap gutentor-rm-row-space\"><div class=\"gutentor-grid-column grid-lg-12 grid-md-12 grid-12 gutentor-rm-col-space\"><div class=\"gutentor-single-item gutentor-single-item-0\"><div class=\"gutentor-single-item-wrap\"><div class=\"gutentor-single-item-content\"><h4 class=\"gutentor-single-item-title\"><strong>Kontaktujte n\u00e1s<\/strong><\/h4><p class=\"gutentor-single-item-desc\"><strong>Adresa:<\/strong>\u00a0Nemocni\u010dn\u00e1 1949\/55,<br>Doln\u00fd Kub\u00edn 026 01 <br><strong>Mobil:<\/strong>\u00a0+421\u00a0918 064 174<br><strong>Email:<\/strong>\u00a0<a href=\"mailto:info@demo.com\">peter.jonak@jdprint.sk<\/a><\/p><\/div><\/div><\/div><\/div><\/div><\/div><\/section>\n<\/div>\n\n\n\n<div id=\"section-72b95f33-7479-4fec-9a44-aeb6b806a528\" class=\"wp-block-gutentor-single-column gutentor-single-column  grid-lg-6 grid-md-12 grid-12\">\n<div id=\"section-g7a7785\" class=\"wp-block-gutentor-e6 section-g7a7785 gutentor-element gutentor-element-image\"><div class=\"gutentor-element-image-box\"><div class=\"gutentor-image-thumb\"><img class=\"normal-image\" src=\"http:\/\/jdprint.sk\/wp-content\/uploads\/2021\/10\/logo-official-300x300-1.jpg\"\/><\/div><\/div><\/div>\n<\/div>\n<\/div><\/div><\/section>\n","protected":false},"excerpt":{"rendered":"","protected":false},"author":1,"featured_media":0,"parent":0,"menu_order":0,"comment_status":"closed","ping_status":"open","template":"","meta":{"_monsterinsights_skip_tracking":false,"_monsterinsights_sitenote_active":false,"_monsterinsights_sitenote_note":"","_monsterinsights_sitenote_category":0},"yoast_head":"<!-- This site is optimized with the Yoast SEO plugin v17.2.1 - https:\/\/yoast.com\/wordpress\/plugins\/seo\/ -->\n<title>\u00davod - jdprint<\/title>\n<meta name=\"robots\" content=\"index, follow, max-snippet:-1, max-image-preview:large, max-video-preview:-1\" \/>\n<link rel=\"canonical\" href=\"http:\/\/jdprint.sk\/\" \/>\n<meta property=\"og:locale\" content=\"sk_SK\" \/>\n<meta property=\"og:type\" content=\"article\" \/>\n<meta property=\"og:title\" content=\"\u00davod - jdprint\" \/>\n<meta property=\"og:url\" content=\"http:\/\/jdprint.sk\/\" \/>\n<meta property=\"og:site_name\" content=\"jdprint\" \/>\n<meta property=\"article:modified_time\" content=\"2021-11-03T06:36:40+00:00\" \/>\n<meta property=\"og:image\" content=\"http:\/\/jdprint.sk\/wp-content\/uploads\/2021\/10\/toner-upraveny.jpg\" \/>\n<meta name=\"twitter:card\" content=\"summary_large_image\" \/>\n<meta name=\"twitter:label1\" content=\"Predpokladan\u00fd \u010das \u010d\u00edtania\" \/>\n\t<meta name=\"twitter:data1\" content=\"3 min\u00faty\" \/>\n<script type=\"application\/ld+json\" class=\"yoast-schema-graph\">{\"@context\":\"https:\/\/schema.org\",\"@graph\":[{\"@type\":\"WebSite\",\"@id\":\"http:\/\/jdprint.sk\/#website\",\"url\":\"http:\/\/jdprint.sk\/\",\"name\":\"jdprint\",\"description\":\"\",\"potentialAction\":[{\"@type\":\"SearchAction\",\"target\":{\"@type\":\"EntryPoint\",\"urlTemplate\":\"http:\/\/jdprint.sk\/?s={search_term_string}\"},\"query-input\":\"required name=search_term_string\"}],\"inLanguage\":\"sk-SK\"},{\"@type\":\"ImageObject\",\"@id\":\"http:\/\/jdprint.sk\/#primaryimage\",\"inLanguage\":\"sk-SK\",\"url\":\"http:\/\/jdprint.sk\/wp-content\/uploads\/2021\/10\/toner-upraveny.jpg\",\"contentUrl\":\"http:\/\/jdprint.sk\/wp-content\/uploads\/2021\/10\/toner-upraveny.jpg\"},{\"@type\":\"WebPage\",\"@id\":\"http:\/\/jdprint.sk\/#webpage\",\"url\":\"http:\/\/jdprint.sk\/\",\"name\":\"\\u00davod - jdprint\",\"isPartOf\":{\"@id\":\"http:\/\/jdprint.sk\/#website\"},\"primaryImageOfPage\":{\"@id\":\"http:\/\/jdprint.sk\/#primaryimage\"},\"datePublished\":\"2021-09-29T16:50:43+00:00\",\"dateModified\":\"2021-11-03T06:36:40+00:00\",\"breadcrumb\":{\"@id\":\"http:\/\/jdprint.sk\/#breadcrumb\"},\"inLanguage\":\"sk-SK\",\"potentialAction\":[{\"@type\":\"ReadAction\",\"target\":[\"http:\/\/jdprint.sk\/\"]}]},{\"@type\":\"BreadcrumbList\",\"@id\":\"http:\/\/jdprint.sk\/#breadcrumb\",\"itemListElement\":[{\"@type\":\"ListItem\",\"position\":1,\"name\":\"Home\",\"item\":\"http:\/\/jdprint.sk\/\"},{\"@type\":\"ListItem\",\"position\":2,\"name\":\"\\u00davod\"}]}]}<\/script>\n<!-- \/ Yoast SEO plugin. -->","yoast_head_json":{"title":"\u00davod - jdprint","robots":{"index":"index","follow":"follow","max-snippet":"max-snippet:-1","max-image-preview":"max-image-preview:large","max-video-preview":"max-video-preview:-1"},"canonical":"http:\/\/jdprint.sk\/","og_locale":"sk_SK","og_type":"article","og_title":"\u00davod - jdprint","og_url":"http:\/\/jdprint.sk\/","og_site_name":"jdprint","article_modified_time":"2021-11-03T06:36:40+00:00","og_image":[{"url":"http:\/\/jdprint.sk\/wp-content\/uploads\/2021\/10\/toner-upraveny.jpg"}],"twitter_card":"summary_large_image","twitter_misc":{"Predpokladan\u00fd \u010das \u010d\u00edtania":"3 min\u00faty"},"schema":{"@context":"https:\/\/schema.org","@graph":[{"@type":"WebSite","@id":"http:\/\/jdprint.sk\/#website","url":"http:\/\/jdprint.sk\/","name":"jdprint","description":"","potentialAction":[{"@type":"SearchAction","target":{"@type":"EntryPoint","urlTemplate":"http:\/\/jdprint.sk\/?s={search_term_string}"},"query-input":"required name=search_term_string"}],"inLanguage":"sk-SK"},{"@type":"ImageObject","@id":"http:\/\/jdprint.sk\/#primaryimage","inLanguage":"sk-SK","url":"http:\/\/jdprint.sk\/wp-content\/uploads\/2021\/10\/toner-upraveny.jpg","contentUrl":"http:\/\/jdprint.sk\/wp-content\/uploads\/2021\/10\/toner-upraveny.jpg"},{"@type":"WebPage","@id":"http:\/\/jdprint.sk\/#webpage","url":"http:\/\/jdprint.sk\/","name":"\u00davod - jdprint","isPartOf":{"@id":"http:\/\/jdprint.sk\/#website"},"primaryImageOfPage":{"@id":"http:\/\/jdprint.sk\/#primaryimage"},"datePublished":"2021-09-29T16:50:43+00:00","dateModified":"2021-11-03T06:36:40+00:00","breadcrumb":{"@id":"http:\/\/jdprint.sk\/#breadcrumb"},"inLanguage":"sk-SK","potentialAction":[{"@type":"ReadAction","target":["http:\/\/jdprint.sk\/"]}]},{"@type":"BreadcrumbList","@id":"http:\/\/jdprint.sk\/#breadcrumb","itemListElement":[{"@type":"ListItem","position":1,"name":"Home","item":"http:\/\/jdprint.sk\/"},{"@type":"ListItem","position":2,"name":"\u00davod"}]}]}},"_links":{"self":[{"href":"https:\/\/jdprint.sk\/index.php\/wp-json\/wp\/v2\/pages\/2"}],"collection":[{"href":"https:\/\/jdprint.sk\/index.php\/wp-json\/wp\/v2\/pages"}],"about":[{"href":"https:\/\/jdprint.sk\/index.php\/wp-json\/wp\/v2\/types\/page"}],"author":[{"embeddable":true,"href":"https:\/\/jdprint.sk\/index.php\/wp-json\/wp\/v2\/users\/1"}],"replies":[{"embeddable":true,"href":"https:\/\/jdprint.sk\/index.php\/wp-json\/wp\/v2\/comments?post=2"}],"version-history":[{"count":6,"href":"https:\/\/jdprint.sk\/index.php\/wp-json\/wp\/v2\/pages\/2\/revisions"}],"predecessor-version":[{"id":350,"href":"https:\/\/jdprint.sk\/index.php\/wp-json\/wp\/v2\/pages\/2\/revisions\/350"}],"wp:attachment":[{"href":"https:\/\/jdprint.sk\/index.php\/wp-json\/wp\/v2\/media?parent=2"}],"curies":[{"name":"wp","href":"https:\/\/api.w.org\/{rel}","templated":true}]}}