{"id":133,"date":"2021-10-05T13:26:30","date_gmt":"2021-10-05T11:26:30","guid":{"rendered":"http:\/\/jdprint.sk\/?page_id=133"},"modified":"2021-11-03T07:39:23","modified_gmt":"2021-11-03T06:39:23","slug":"kontakt","status":"publish","type":"page","link":"https:\/\/jdprint.sk\/index.php\/kontakt\/","title":{"rendered":"Kontakt"},"content":{"rendered":"\n<section id=\"section-cdbedd0a-9e5e-4148-892a-9094518f2439\" class=\"wp-block-gutentor-advanced-columns gutentor-section gutentor-advanced-columns has-color-bg has-custom-bg\"><div class=\"grid-container\"><div class=\"grid-row\">\n<div id=\"section-cee25619-b4ba-4e8e-8e64-7c54de5ac13f\" class=\"wp-block-gutentor-single-column gutentor-single-column  grid-lg-6 grid-md-12 grid-12\">\n<div id=\"section-gaf360c\" class=\"wp-block-gutentor-e6 section-gaf360c gutentor-element gutentor-element-image\"><div class=\"gutentor-element-image-box\"><div class=\"gutentor-image-thumb\"><img class=\"normal-image\" src=\"http:\/\/jdprint.sk\/wp-content\/uploads\/2021\/10\/logo-official-300x300-1.jpg\"\/><\/div><\/div><\/div>\n\n\n\n<section id=\"section-bd8ff041-8bef-48a2-a237-82532dcce7ab\" class=\"wp-block-gutentor-content-box gutentor-section gutentor-content-box-wrapper content-template1\"><div class=\"grid-container gutentor-rm-ct-space\"><div class=\"grid-row gutentor-grid-item-wrap gutentor-rm-row-space\"><div class=\"gutentor-grid-column grid-lg-12 grid-md-12 grid-12 gutentor-rm-col-space\"><div class=\"gutentor-single-item gutentor-single-item-0\"><div class=\"gutentor-single-item-wrap\"><div class=\"gutentor-single-item-content\"><h4 class=\"gutentor-single-item-title\">Kontaktujte n\u00e1s<\/h4><p class=\"gutentor-single-item-desc\"><strong>Address:<\/strong>\u00a0Nemocni\u010dn\u00e1 1949\/55, Doln\u00fd Kub\u00edn 026 01<br><strong>Mobil:<\/strong>\u00a0+421 918 064 174<br><strong>Email:<\/strong>\u00a0<a href=\"mailto:info@demo.com\">peter.jonak@jdprint.sk<\/a> <\/p><\/div><\/div><\/div><\/div><\/div><\/div><\/section>\n<\/div>\n\n\n\n<div id=\"section-c69c2b38-198e-4db2-8bbf-43638f975f1e\" class=\"wp-block-gutentor-single-column gutentor-single-column  grid-lg-6 grid-md-12 grid-12\">\n<div role=\"form\" class=\"wpcf7\" id=\"wpcf7-f351-o1\" lang=\"sk-SK\" dir=\"ltr\">\n<div class=\"screen-reader-response\"><p role=\"status\" aria-live=\"polite\" aria-atomic=\"true\"><\/p> <ul><\/ul><\/div>\n<form action=\"\/index.php\/wp-json\/wp\/v2\/pages\/133#wpcf7-f351-o1\" method=\"post\" class=\"wpcf7-form init\" novalidate=\"novalidate\" data-status=\"init\">\n<div style=\"display: none;\">\n<input type=\"hidden\" name=\"_wpcf7\" value=\"351\" \/>\n<input type=\"hidden\" name=\"_wpcf7_version\" value=\"5.5.2\" \/>\n<input type=\"hidden\" name=\"_wpcf7_locale\" value=\"sk_SK\" \/>\n<input type=\"hidden\" name=\"_wpcf7_unit_tag\" value=\"wpcf7-f351-o1\" \/>\n<input type=\"hidden\" name=\"_wpcf7_container_post\" value=\"0\" \/>\n<input type=\"hidden\" name=\"_wpcf7_posted_data_hash\" value=\"\" \/>\n<\/div>\n<p><label> Va\u0161e meno<br \/>\n    <span class=\"wpcf7-form-control-wrap your-name\"><input type=\"text\" name=\"your-name\" value=\"\" size=\"40\" class=\"wpcf7-form-control wpcf7-text wpcf7-validates-as-required\" aria-required=\"true\" aria-invalid=\"false\" \/><\/span> <\/label><\/p>\n<p><label> V\u00e1\u0161 email<br \/>\n    <span class=\"wpcf7-form-control-wrap your-email\"><input type=\"email\" name=\"your-email\" value=\"\" size=\"40\" class=\"wpcf7-form-control wpcf7-text wpcf7-email wpcf7-validates-as-required wpcf7-validates-as-email\" aria-required=\"true\" aria-invalid=\"false\" \/><\/span> <\/label><\/p>\n<p><label> Predmet<br \/>\n    <span class=\"wpcf7-form-control-wrap your-subject\"><input type=\"text\" name=\"your-subject\" value=\"\" size=\"40\" class=\"wpcf7-form-control wpcf7-text wpcf7-validates-as-required\" aria-required=\"true\" aria-invalid=\"false\" \/><\/span> <\/label><\/p>\n<p><label> Va\u0161a spr\u00e1va (volite\u013en\u00e9)<br \/>\n    <span class=\"wpcf7-form-control-wrap your-message\"><textarea name=\"your-message\" cols=\"40\" rows=\"10\" class=\"wpcf7-form-control wpcf7-textarea\" aria-invalid=\"false\"><\/textarea><\/span> <\/label><br \/>\n<span class=\"wpcf7-form-control-wrap quiz-650\"><label><span class=\"wpcf7-quiz-label\">1+1=?<\/span> <input type=\"text\" name=\"quiz-650\" size=\"40\" class=\"wpcf7-form-control wpcf7-quiz\" autocomplete=\"off\" aria-required=\"true\" aria-invalid=\"false\" \/><\/label><input type=\"hidden\" name=\"_wpcf7_quiz_answer_quiz-650\" value=\"ba04716ab771f088e9b93fa587c2f452\" \/><\/span><\/p>\n<p><input type=\"submit\" value=\"Odosla\u0165\" class=\"wpcf7-form-control has-spinner wpcf7-submit\" \/><\/p>\n<div class=\"wpcf7-response-output\" aria-hidden=\"true\"><\/div><\/form><\/div>\n<\/div>\n<\/div><\/div><\/section>\n","protected":false},"excerpt":{"rendered":"","protected":false},"author":1,"featured_media":0,"parent":0,"menu_order":0,"comment_status":"closed","ping_status":"closed","template":"","meta":{"_monsterinsights_skip_tracking":false,"_monsterinsights_sitenote_active":false,"_monsterinsights_sitenote_note":"","_monsterinsights_sitenote_category":0},"yoast_head":"<!-- This site is optimized with the Yoast SEO plugin v17.2.1 - https:\/\/yoast.com\/wordpress\/plugins\/seo\/ -->\n<title>Kontakt - jdprint<\/title>\n<meta name=\"robots\" content=\"index, follow, max-snippet:-1, max-image-preview:large, max-video-preview:-1\" \/>\n<link rel=\"canonical\" href=\"http:\/\/jdprint.sk\/index.php\/kontakt\/\" \/>\n<meta property=\"og:locale\" content=\"sk_SK\" \/>\n<meta property=\"og:type\" content=\"article\" \/>\n<meta property=\"og:title\" content=\"Kontakt - jdprint\" \/>\n<meta property=\"og:url\" content=\"http:\/\/jdprint.sk\/index.php\/kontakt\/\" \/>\n<meta property=\"og:site_name\" content=\"jdprint\" \/>\n<meta property=\"article:modified_time\" content=\"2021-11-03T06:39:23+00:00\" \/>\n<meta property=\"og:image\" content=\"http:\/\/jdprint.sk\/wp-content\/uploads\/2021\/10\/logo-official-300x300-1.jpg\" \/>\n<meta name=\"twitter:card\" content=\"summary_large_image\" \/>\n<meta name=\"twitter:label1\" content=\"Predpokladan\u00fd \u010das \u010d\u00edtania\" \/>\n\t<meta name=\"twitter:data1\" content=\"1 min\u00fata\" \/>\n<script type=\"application\/ld+json\" class=\"yoast-schema-graph\">{\"@context\":\"https:\/\/schema.org\",\"@graph\":[{\"@type\":\"WebSite\",\"@id\":\"http:\/\/jdprint.sk\/#website\",\"url\":\"http:\/\/jdprint.sk\/\",\"name\":\"jdprint\",\"description\":\"\",\"potentialAction\":[{\"@type\":\"SearchAction\",\"target\":{\"@type\":\"EntryPoint\",\"urlTemplate\":\"http:\/\/jdprint.sk\/?s={search_term_string}\"},\"query-input\":\"required name=search_term_string\"}],\"inLanguage\":\"sk-SK\"},{\"@type\":\"ImageObject\",\"@id\":\"http:\/\/jdprint.sk\/index.php\/kontakt\/#primaryimage\",\"inLanguage\":\"sk-SK\",\"url\":\"http:\/\/jdprint.sk\/wp-content\/uploads\/2021\/10\/logo-official-300x300-1.jpg\",\"contentUrl\":\"http:\/\/jdprint.sk\/wp-content\/uploads\/2021\/10\/logo-official-300x300-1.jpg\"},{\"@type\":\"WebPage\",\"@id\":\"http:\/\/jdprint.sk\/index.php\/kontakt\/#webpage\",\"url\":\"http:\/\/jdprint.sk\/index.php\/kontakt\/\",\"name\":\"Kontakt - jdprint\",\"isPartOf\":{\"@id\":\"http:\/\/jdprint.sk\/#website\"},\"primaryImageOfPage\":{\"@id\":\"http:\/\/jdprint.sk\/index.php\/kontakt\/#primaryimage\"},\"datePublished\":\"2021-10-05T11:26:30+00:00\",\"dateModified\":\"2021-11-03T06:39:23+00:00\",\"breadcrumb\":{\"@id\":\"http:\/\/jdprint.sk\/index.php\/kontakt\/#breadcrumb\"},\"inLanguage\":\"sk-SK\",\"potentialAction\":[{\"@type\":\"ReadAction\",\"target\":[\"http:\/\/jdprint.sk\/index.php\/kontakt\/\"]}]},{\"@type\":\"BreadcrumbList\",\"@id\":\"http:\/\/jdprint.sk\/index.php\/kontakt\/#breadcrumb\",\"itemListElement\":[{\"@type\":\"ListItem\",\"position\":1,\"name\":\"Home\",\"item\":\"http:\/\/jdprint.sk\/\"},{\"@type\":\"ListItem\",\"position\":2,\"name\":\"Kontakt\"}]}]}<\/script>\n<!-- \/ Yoast SEO plugin. -->","yoast_head_json":{"title":"Kontakt - jdprint","robots":{"index":"index","follow":"follow","max-snippet":"max-snippet:-1","max-image-preview":"max-image-preview:large","max-video-preview":"max-video-preview:-1"},"canonical":"http:\/\/jdprint.sk\/index.php\/kontakt\/","og_locale":"sk_SK","og_type":"article","og_title":"Kontakt - jdprint","og_url":"http:\/\/jdprint.sk\/index.php\/kontakt\/","og_site_name":"jdprint","article_modified_time":"2021-11-03T06:39:23+00:00","og_image":[{"url":"http:\/\/jdprint.sk\/wp-content\/uploads\/2021\/10\/logo-official-300x300-1.jpg"}],"twitter_card":"summary_large_image","twitter_misc":{"Predpokladan\u00fd \u010das \u010d\u00edtania":"1 min\u00fata"},"schema":{"@context":"https:\/\/schema.org","@graph":[{"@type":"WebSite","@id":"http:\/\/jdprint.sk\/#website","url":"http:\/\/jdprint.sk\/","name":"jdprint","description":"","potentialAction":[{"@type":"SearchAction","target":{"@type":"EntryPoint","urlTemplate":"http:\/\/jdprint.sk\/?s={search_term_string}"},"query-input":"required name=search_term_string"}],"inLanguage":"sk-SK"},{"@type":"ImageObject","@id":"http:\/\/jdprint.sk\/index.php\/kontakt\/#primaryimage","inLanguage":"sk-SK","url":"http:\/\/jdprint.sk\/wp-content\/uploads\/2021\/10\/logo-official-300x300-1.jpg","contentUrl":"http:\/\/jdprint.sk\/wp-content\/uploads\/2021\/10\/logo-official-300x300-1.jpg"},{"@type":"WebPage","@id":"http:\/\/jdprint.sk\/index.php\/kontakt\/#webpage","url":"http:\/\/jdprint.sk\/index.php\/kontakt\/","name":"Kontakt - jdprint","isPartOf":{"@id":"http:\/\/jdprint.sk\/#website"},"primaryImageOfPage":{"@id":"http:\/\/jdprint.sk\/index.php\/kontakt\/#primaryimage"},"datePublished":"2021-10-05T11:26:30+00:00","dateModified":"2021-11-03T06:39:23+00:00","breadcrumb":{"@id":"http:\/\/jdprint.sk\/index.php\/kontakt\/#breadcrumb"},"inLanguage":"sk-SK","potentialAction":[{"@type":"ReadAction","target":["http:\/\/jdprint.sk\/index.php\/kontakt\/"]}]},{"@type":"BreadcrumbList","@id":"http:\/\/jdprint.sk\/index.php\/kontakt\/#breadcrumb","itemListElement":[{"@type":"ListItem","position":1,"name":"Home","item":"http:\/\/jdprint.sk\/"},{"@type":"ListItem","position":2,"name":"Kontakt"}]}]}},"_links":{"self":[{"href":"https:\/\/jdprint.sk\/index.php\/wp-json\/wp\/v2\/pages\/133"}],"collection":[{"href":"https:\/\/jdprint.sk\/index.php\/wp-json\/wp\/v2\/pages"}],"about":[{"href":"https:\/\/jdprint.sk\/index.php\/wp-json\/wp\/v2\/types\/page"}],"author":[{"embeddable":true,"href":"https:\/\/jdprint.sk\/index.php\/wp-json\/wp\/v2\/users\/1"}],"replies":[{"embeddable":true,"href":"https:\/\/jdprint.sk\/index.php\/wp-json\/wp\/v2\/comments?post=133"}],"version-history":[{"count":4,"href":"https:\/\/jdprint.sk\/index.php\/wp-json\/wp\/v2\/pages\/133\/revisions"}],"predecessor-version":[{"id":352,"href":"https:\/\/jdprint.sk\/index.php\/wp-json\/wp\/v2\/pages\/133\/revisions\/352"}],"wp:attachment":[{"href":"https:\/\/jdprint.sk\/index.php\/wp-json\/wp\/v2\/media?parent=133"}],"curies":[{"name":"wp","href":"https:\/\/api.w.org\/{rel}","templated":true}]}}